{"id":14,"date":"2013-04-24T08:45:43","date_gmt":"2013-04-24T06:45:43","guid":{"rendered":"http:\/\/muenzfreunde.de\/wordpress\/?page_id=14"},"modified":"2019-04-10T12:03:00","modified_gmt":"2019-04-10T10:03:00","slug":"munzborse","status":"publish","type":"page","link":"https:\/\/muenzfreunde.de\/wordpress\/?page_id=14","title":{"rendered":"Veranstaltungen"},"content":{"rendered":"<h5><span style=\"color: #0f3f74;\"><strong>24. Sauerl\u00e4nder M\u00fcnz- und Sammlerb\u00f6rse<\/strong><\/span><\/h5>\n<p>Die M\u00fcnzb\u00f6rse findet in Zusammenarbeit mit der Sparkasse Meschede am Sonntag, 28.04.2019 in der Sch\u00fctzenhalle (Speisesaal), Sch\u00fctzenstr. 37, 59872 Meschede in der Zeit von 10:00 &#8211; 15:00 Uhr statt. An- und Verkauf von M\u00fcnzen, Medaillen, Papiergeld, Ansichtskarten, Briefmarken und Zubeh\u00f6r sind m\u00f6glich.<\/p>\n<h5><\/h5>\n<h5><\/h5>\n<h5><span style=\"color: #0f3f74;\"><strong>Vereinstreffen<\/strong><\/span><\/h5>\n<p>Unsere Treffen finden immer am 2. Dienstag im Monat statt:<br \/>\n&#8211; Ort: Gastst\u00e4tte \u201cZum Pulverturm\u201d, Pulverturmstr. 35, 59872 Meschede<br \/>\n&#8211; Beginn: um 19.00 Uhr<br \/>\n&#8211; Ende: gegen 21.30 Uhr<\/p>\n<h5><span style=\"color: #0f3f74;\"><strong>Hier finden Sie einige Bilder unserer bisherigen B\u00f6rsen:<\/strong><\/span><\/h5>\n<p>&#8211; <a style=\"color: #0070e0;\" href=\"http:\/\/muenzfreunde.de\/wordpress\/?page_id=98\">1. B\u00f6rse am 25. November 1995<\/a><br \/>\n&#8211; <a style=\"color: #0070e0;\" href=\"http:\/\/muenzfreunde.de\/wordpress\/?page_id=103\">2. B\u00f6rse am 08. Dezember 1996<\/a><br \/>\n&#8211; <a style=\"color: #0070e0;\" href=\"http:\/\/muenzfreunde.de\/wordpress\/?page_id=118\">3. B\u00f6rse am 18. Januar 1998<\/a><br \/>\n&#8211; <a style=\"color: #0070e0;\" href=\"http:\/\/muenzfreunde.de\/wordpress\/?page_id=135\">4. B\u00f6rse am 17. Januar 1999<\/a><br \/>\n&#8211; <a style=\"color: #0070e0;\" href=\"http:\/\/muenzfreunde.de\/wordpress\/?page_id=184\">7. B\u00f6rse am 17. Februar 2002<\/a><br \/>\n&#8211; <a style=\"color: #0070e0;\" href=\"http:\/\/muenzfreunde.de\/wordpress\/?page_id=198\">9. B\u00f6rse am 25. Januar 2004<\/a><br \/>\n&#8211; <a style=\"color: #0070e0;\" href=\"http:\/\/muenzfreunde.de\/wordpress\/?page_id=216\">11. B\u00f6rse am 12. Februar 2006<\/a><br \/>\n&#8211; <a style=\"color: #0070e0;\" href=\"http:\/\/muenzfreunde.de\/wordpress\/?page_id=293\">12. B\u00f6rse am 25. Februar 2007<\/a><br \/>\n&#8211; <a style=\"color: #0070e0;\" href=\"http:\/\/muenzfreunde.de\/wordpress\/?page_id=373\">13. B\u00f6rse am 24. Februar 2008<\/a><br \/>\n&#8211; <a style=\"color: #0070e0;\" href=\"http:\/\/muenzfreunde.de\/wordpress\/?page_id=572\">14. B\u00f6rse am 15. Februar 2009<\/a><br \/>\n&#8211; <a style=\"color: #0070e0;\" href=\"http:\/\/muenzfreunde.de\/wordpress\/?page_id=589\">15. B\u00f6rse am 07. Februar 2010<\/a><br \/>\n&#8211; <a style=\"color: #0070e0;\" href=\"http:\/\/muenzfreunde.de\/wordpress\/?page_id=633\">16. B\u00f6rse am 10. April 2011<\/a><br \/>\n&#8211; <a style=\"color: #0070e0;\" href=\"http:\/\/muenzfreunde.de\/wordpress\/?page_id=637\">17. B\u00f6rse am 01. April 2012<\/a><br \/>\n&#8211; <a style=\"color: #0070e0;\" href=\"http:\/\/muenzfreunde.de\/wordpress\/?page_id=639\">18. B\u00f6rse am 28. April 2013<\/a><\/p>\n<h5><span style=\"color: #0f3f74;\"><strong>Hier finden Sie einige Bilder unserer bisherigen Vereinsfahrten:<\/strong><\/span><\/h5>\n<p>&#8211; <a style=\"color: #0070e0;\" href=\"http:\/\/muenzfreunde.de\/wordpress\/?page_id=407\">Fahrt nach Osnabr\u00fcck am 27.09.2003<\/a><br \/>\n&#8211; <a style=\"color: #0070e0;\" href=\"http:\/\/muenzfreunde.de\/wordpress\/?page_id=478\">Fahrt nach K\u00f6ln am 04.09.2004<\/a><br \/>\n&#8211; <a style=\"color: #0070e0;\" href=\"http:\/\/muenzfreunde.de\/wordpress\/?page_id=496\">Fahrt nach M\u00fcnster am 27.08.2005<\/a><br \/>\n&#8211; <a style=\"color: #0070e0;\" href=\"http:\/\/muenzfreunde.de\/wordpress\/?page_id=1016\">Fahrt nach Essen am 22.07.2006<\/a><br \/>\n&#8211; <a style=\"color: #0070e0;\" href=\"http:\/\/muenzfreunde.de\/wordpress\/?page_id=528\">Fahrt nach Bochum am 22.09.2007<\/a><\/p>\n<p>&#8211; <a style=\"color: #0070e0;\" href=\"http:\/\/muenzfreunde.de\/wordpress\/?page_id=1153\">Fahrt nach Fulda am 01.10.2011<\/a><\/p>\n","protected":false},"excerpt":{"rendered":"<p>24. Sauerl\u00e4nder M\u00fcnz- und Sammlerb\u00f6rse Die M\u00fcnzb\u00f6rse findet in Zusammenarbeit mit der Sparkasse Meschede am Sonntag, 28.04.2019 in der Sch\u00fctzenhalle (Speisesaal), Sch\u00fctzenstr. 37, 59872 Meschede in der Zeit von 10:00 &#8211; 15:00 Uhr statt. An- und Verkauf von M\u00fcnzen, Medaillen, &hellip; <a href=\"https:\/\/muenzfreunde.de\/wordpress\/?page_id=14\">Weiterlesen <span class=\"meta-nav\">&rarr;<\/span><\/a><\/p>\n","protected":false},"author":1,"featured_media":0,"parent":0,"menu_order":1,"comment_status":"closed","ping_status":"closed","template":"","meta":{"h5ap_radio_sources":[],"footnotes":""},"class_list":["post-14","page","type-page","status-publish","hentry"],"_links":{"self":[{"href":"https:\/\/muenzfreunde.de\/wordpress\/index.php?rest_route=\/wp\/v2\/pages\/14","targetHints":{"allow":["GET"]}}],"collection":[{"href":"https:\/\/muenzfreunde.de\/wordpress\/index.php?rest_route=\/wp\/v2\/pages"}],"about":[{"href":"https:\/\/muenzfreunde.de\/wordpress\/index.php?rest_route=\/wp\/v2\/types\/page"}],"author":[{"embeddable":true,"href":"https:\/\/muenzfreunde.de\/wordpress\/index.php?rest_route=\/wp\/v2\/users\/1"}],"replies":[{"embeddable":true,"href":"https:\/\/muenzfreunde.de\/wordpress\/index.php?rest_route=%2Fwp%2Fv2%2Fcomments&post=14"}],"version-history":[{"count":35,"href":"https:\/\/muenzfreunde.de\/wordpress\/index.php?rest_route=\/wp\/v2\/pages\/14\/revisions"}],"predecessor-version":[{"id":4543,"href":"https:\/\/muenzfreunde.de\/wordpress\/index.php?rest_route=\/wp\/v2\/pages\/14\/revisions\/4543"}],"wp:attachment":[{"href":"https:\/\/muenzfreunde.de\/wordpress\/index.php?rest_route=%2Fwp%2Fv2%2Fmedia&parent=14"}],"curies":[{"name":"wp","href":"https:\/\/api.w.org\/{rel}","templated":true}]}}