{"id":422,"date":"2013-04-26T21:36:38","date_gmt":"2013-04-26T19:36:38","guid":{"rendered":"http:\/\/muenzfreunde.de\/wordpress\/?page_id=422"},"modified":"2017-11-30T19:16:03","modified_gmt":"2017-11-30T17:16:03","slug":"vereinsfahrten","status":"publish","type":"page","link":"https:\/\/muenzfreunde.de\/wordpress\/?page_id=422","title":{"rendered":"Vereinsfahrten"},"content":{"rendered":"<p><span style=\"color: #0f3f74;\"><strong>Hier finden Sie einige Bilder unserer bisherigen Vereinsfahrten:<\/strong><\/span><\/p>\n<li><a href=\"http:\/\/muenzfreunde.de\/wordpress\/?page_id=407\" style=\"color:#0070e0\">Fahrt nach Osnabr\u00fcck am 27.09.2003<\/a><\/li>\n<li><a href=\"http:\/\/muenzfreunde.de\/wordpress\/?page_id=478\" style=\"color:#0070e0\">Fahrt nach K\u00f6ln am 04.09.2004<\/a><\/li>\n<li><a href=\"http:\/\/muenzfreunde.de\/wordpress\/?page_id=496\" style=\"color:#0070e0\">Fahrt nach M\u00fcnster am 27.08.2005<\/a><\/li>\n<li><a href=\"http:\/\/muenzfreunde.de\/wordpress\/?page_id=1016\" style=\"color:#0070e0\">Fahrt nach Essen am 22.07.2006<\/a><\/li>\n<li><a href=\"http:\/\/muenzfreunde.de\/wordpress\/?page_id=528\" style=\"color:#0070e0\">Fahrt nach Bochum am 22.09.2007<\/a><\/li>\n<li><a href=\"http:\/\/muenzfreunde.de\/wordpress\/?page_id=2146\" style=\"color:#0070e0\">Fahrt nach Unna am 09.08.2008<\/a><\/li>\n<li><a href=\"http:\/\/muenzfreunde.de\/wordpress\/?page_id=1153\" style=\"color:#0070e0\">Fahrt nach Fulda am 01.10.2011<\/a><\/li>\n<li><a href=\"http:\/\/muenzfreunde.de\/wordpress\/?page_id=2104\" style=\"color:#0070e0\">Fahrt nach B\u00fcckeburg am 31.08.2013<\/a><\/li>\n","protected":false},"excerpt":{"rendered":"<p>Hier finden Sie einige Bilder unserer bisherigen Vereinsfahrten: Fahrt nach Osnabr\u00fcck am 27.09.2003 Fahrt nach K\u00f6ln am 04.09.2004 Fahrt nach M\u00fcnster am 27.08.2005 Fahrt nach Essen am 22.07.2006 Fahrt nach Bochum am 22.09.2007 Fahrt nach Unna am 09.08.2008 Fahrt nach &hellip; <a href=\"https:\/\/muenzfreunde.de\/wordpress\/?page_id=422\">Weiterlesen <span class=\"meta-nav\">&rarr;<\/span><\/a><\/p>\n","protected":false},"author":1,"featured_media":0,"parent":14,"menu_order":2,"comment_status":"closed","ping_status":"closed","template":"","meta":{"h5ap_radio_sources":[],"footnotes":""},"class_list":["post-422","page","type-page","status-publish","hentry"],"_links":{"self":[{"href":"https:\/\/muenzfreunde.de\/wordpress\/index.php?rest_route=\/wp\/v2\/pages\/422","targetHints":{"allow":["GET"]}}],"collection":[{"href":"https:\/\/muenzfreunde.de\/wordpress\/index.php?rest_route=\/wp\/v2\/pages"}],"about":[{"href":"https:\/\/muenzfreunde.de\/wordpress\/index.php?rest_route=\/wp\/v2\/types\/page"}],"author":[{"embeddable":true,"href":"https:\/\/muenzfreunde.de\/wordpress\/index.php?rest_route=\/wp\/v2\/users\/1"}],"replies":[{"embeddable":true,"href":"https:\/\/muenzfreunde.de\/wordpress\/index.php?rest_route=%2Fwp%2Fv2%2Fcomments&post=422"}],"version-history":[{"count":18,"href":"https:\/\/muenzfreunde.de\/wordpress\/index.php?rest_route=\/wp\/v2\/pages\/422\/revisions"}],"predecessor-version":[{"id":4238,"href":"https:\/\/muenzfreunde.de\/wordpress\/index.php?rest_route=\/wp\/v2\/pages\/422\/revisions\/4238"}],"up":[{"embeddable":true,"href":"https:\/\/muenzfreunde.de\/wordpress\/index.php?rest_route=\/wp\/v2\/pages\/14"}],"wp:attachment":[{"href":"https:\/\/muenzfreunde.de\/wordpress\/index.php?rest_route=%2Fwp%2Fv2%2Fmedia&parent=422"}],"curies":[{"name":"wp","href":"https:\/\/api.w.org\/{rel}","templated":true}]}}