{"id":903,"date":"2013-07-26T13:26:52","date_gmt":"2013-07-26T11:26:52","guid":{"rendered":"http:\/\/muenzfreunde.de\/wordpress\/?page_id=903"},"modified":"2013-08-14T16:02:04","modified_gmt":"2013-08-14T14:02:04","slug":"2001-2","status":"publish","type":"page","link":"https:\/\/muenzfreunde.de\/wordpress\/?page_id=903","title":{"rendered":"Berichte 2001"},"content":{"rendered":"<p>&#8211; <a style=\"color: #0070e0;\" href=\"http:\/\/muenzfreunde.de\/wordpress\/wp-content\/uploads\/2013\/07\/saku_14.02.2001.jpg\" target=\"_blank\">Sauerlandkurier 14.02.2001<\/a><\/p>\n<p>&#8211; <a style=\"color: #0070e0;\" href=\"http:\/\/muenzfreunde.de\/wordpress\/wp-content\/uploads\/2013\/07\/wp_15.02.2001.jpg\" target=\"_blank\">Westfalenpost 15.02.2001<\/a><\/p>\n<p>&#8211; <a style=\"color: #0070e0;\" href=\"http:\/\/muenzfreunde.de\/wordpress\/wp-content\/uploads\/2013\/07\/wr_17.02.2001.jpg\" target=\"_blank\">Westf\u00e4lische Rundschau 17.02.2001<\/a><\/p>\n<p>&#8211; <a style=\"color: #0070e0;\" href=\"http:\/\/muenzfreunde.de\/wordpress\/wp-content\/uploads\/2013\/07\/saku_18.02.2001.jpg\" target=\"_blank\">Sauerlandkurier 18.02.2001<\/a><\/p>\n<p>&#8211; <a style=\"color: #0070e0;\" href=\"http:\/\/muenzfreunde.de\/wordpress\/wp-content\/uploads\/2013\/07\/wp_19.02.2001.jpg\" target=\"_blank\">Westfalenpost 19.02.2001<\/a><\/p>\n<p>&#8211; <a style=\"color: #0070e0;\" href=\"http:\/\/muenzfreunde.de\/wordpress\/wp-content\/uploads\/2013\/07\/wr_19.02.2001.jpg\" target=\"_blank\">Westf\u00e4lische Rundschau 19.02.2001<\/a><\/p>\n<p>&#8211; <a style=\"color: #0070e0;\" href=\"http:\/\/muenzfreunde.de\/wordpress\/wp-content\/uploads\/2013\/07\/wr_19.02.2001_2.jpg\" target=\"_blank\">Westf\u00e4lische Rundschau 19.02.2001<\/a><\/p>\n<p>&#8211; <a style=\"color: #0070e0;\" href=\"http:\/\/muenzfreunde.de\/wordpress\/wp-content\/uploads\/2013\/07\/woaz_28.02.2001.jpg\" target=\"_blank\">Wochenanzeiger 28.02.2001<\/a><\/p>\n<p>&#8211; <a style=\"color: #0070e0;\" href=\"http:\/\/muenzfreunde.de\/wordpress\/wp-content\/uploads\/2013\/07\/saku_28.02.2001.jpg\" target=\"_blank\">Sauerlandkurier 28.02.2001<\/a><\/p>\n<p>&#8211; <a style=\"color: #0070e0;\" href=\"http:\/\/muenzfreunde.de\/wordpress\/wp-content\/uploads\/2013\/07\/saku_21.10.2001.jpg\" target=\"_blank\">Sauerlandkurier 21.10.2001<\/a><\/p>\n<p>&#8211; <a style=\"color: #0070e0;\" href=\"http:\/\/muenzfreunde.de\/wordpress\/wp-content\/uploads\/2013\/07\/wp_27.10.2001.jpg\" target=\"_blank\">Westfalenpost 27.10.2001<\/a><\/p>\n<p>&#8211; <a style=\"color: #0070e0;\" href=\"http:\/\/muenzfreunde.de\/wordpress\/wp-content\/uploads\/2013\/07\/wr_30.10.2001.jpg\" target=\"_blank\">Westf\u00e4lische Rundschau 30.10.2001<\/a><\/p>\n<p>&#8211; <a style=\"color: #0070e0;\" href=\"http:\/\/muenzfreunde.de\/wordpress\/wp-content\/uploads\/2013\/07\/spk_10.2001.jpg\" target=\"_blank\">Sparkasse 10.2001<\/a><\/p>\n<p>&#8211; <a style=\"color: #0070e0;\" href=\"http:\/\/muenzfreunde.de\/wordpress\/wp-content\/uploads\/2013\/07\/wp_09.11.2001.jpg\" target=\"_blank\">Westfalenpost 09.11.2001<\/a><\/p>\n<p>&#8211; <a style=\"color: #0070e0;\" href=\"http:\/\/muenzfreunde.de\/wordpress\/wp-content\/uploads\/2013\/07\/wr_14.11.2001.jpg\" target=\"_blank\">Westf\u00e4lische Rundschau 14.11.2001<\/a><\/p>\n","protected":false},"excerpt":{"rendered":"<p>&#8211; Sauerlandkurier 14.02.2001 &#8211; Westfalenpost 15.02.2001 &#8211; Westf\u00e4lische Rundschau 17.02.2001 &#8211; Sauerlandkurier 18.02.2001 &#8211; Westfalenpost 19.02.2001 &#8211; Westf\u00e4lische Rundschau 19.02.2001 &#8211; Westf\u00e4lische Rundschau 19.02.2001 &#8211; Wochenanzeiger 28.02.2001 &#8211; Sauerlandkurier 28.02.2001 &#8211; Sauerlandkurier 21.10.2001 &#8211; Westfalenpost 27.10.2001 &#8211; Westf\u00e4lische Rundschau 30.10.2001 &hellip; <a href=\"https:\/\/muenzfreunde.de\/wordpress\/?page_id=903\">Weiterlesen <span class=\"meta-nav\">&rarr;<\/span><\/a><\/p>\n","protected":false},"author":1,"featured_media":0,"parent":749,"menu_order":8,"comment_status":"closed","ping_status":"closed","template":"","meta":{"h5ap_radio_sources":[],"footnotes":""},"class_list":["post-903","page","type-page","status-publish","hentry"],"_links":{"self":[{"href":"https:\/\/muenzfreunde.de\/wordpress\/index.php?rest_route=\/wp\/v2\/pages\/903","targetHints":{"allow":["GET"]}}],"collection":[{"href":"https:\/\/muenzfreunde.de\/wordpress\/index.php?rest_route=\/wp\/v2\/pages"}],"about":[{"href":"https:\/\/muenzfreunde.de\/wordpress\/index.php?rest_route=\/wp\/v2\/types\/page"}],"author":[{"embeddable":true,"href":"https:\/\/muenzfreunde.de\/wordpress\/index.php?rest_route=\/wp\/v2\/users\/1"}],"replies":[{"embeddable":true,"href":"https:\/\/muenzfreunde.de\/wordpress\/index.php?rest_route=%2Fwp%2Fv2%2Fcomments&post=903"}],"version-history":[{"count":6,"href":"https:\/\/muenzfreunde.de\/wordpress\/index.php?rest_route=\/wp\/v2\/pages\/903\/revisions"}],"predecessor-version":[{"id":1264,"href":"https:\/\/muenzfreunde.de\/wordpress\/index.php?rest_route=\/wp\/v2\/pages\/903\/revisions\/1264"}],"up":[{"embeddable":true,"href":"https:\/\/muenzfreunde.de\/wordpress\/index.php?rest_route=\/wp\/v2\/pages\/749"}],"wp:attachment":[{"href":"https:\/\/muenzfreunde.de\/wordpress\/index.php?rest_route=%2Fwp%2Fv2%2Fmedia&parent=903"}],"curies":[{"name":"wp","href":"https:\/\/api.w.org\/{rel}","templated":true}]}}