{"id":962,"date":"2013-07-26T15:43:33","date_gmt":"2013-07-26T13:43:33","guid":{"rendered":"http:\/\/muenzfreunde.de\/wordpress\/?page_id=962"},"modified":"2013-08-14T16:05:24","modified_gmt":"2013-08-14T14:05:24","slug":"2005-2","status":"publish","type":"page","link":"https:\/\/muenzfreunde.de\/wordpress\/?page_id=962","title":{"rendered":"Berichte 2005"},"content":{"rendered":"<p>&#8211; <a style=\"color: #0070e0;\" href=\"http:\/\/muenzfreunde.de\/wordpress\/wp-content\/uploads\/2013\/07\/saku_16.02.2005.jpg\" target=\"_blank\">Sauerlandkurier 16.02.2005<\/a><\/p>\n<p>&#8211; <a style=\"color: #0070e0;\" href=\"http:\/\/muenzfreunde.de\/wordpress\/wp-content\/uploads\/2013\/08\/wr_16.02.2005.jpg\" target=\"_blank\">Westf\u00e4lische Rundschau 16.02.2005<\/a><\/p>\n<p>&#8211; <a style=\"color: #0070e0;\" href=\"http:\/\/muenzfreunde.de\/wordpress\/wp-content\/uploads\/2013\/08\/wp_18.02.2005.jpg\" target=\"_blank\">Westfalenpost 18.02.2005<\/a><\/p>\n<p>&#8211; <a style=\"color: #0070e0;\" href=\"http:\/\/muenzfreunde.de\/wordpress\/wp-content\/uploads\/2013\/07\/wr_18.02.2005.jpg\" target=\"_blank\">Westf\u00e4lische Rundschau 18.02.2005<\/a><\/p>\n<p>&#8211; <a style=\"color: #0070e0;\" href=\"http:\/\/muenzfreunde.de\/wordpress\/wp-content\/uploads\/2013\/07\/saku_20.02.2005.jpg\" target=\"_blank\">Sauerlandkurier 20.02.2005<\/a><\/p>\n<p>&#8211; <a style=\"color: #0070e0;\" href=\"http:\/\/muenzfreunde.de\/wordpress\/wp-content\/uploads\/2013\/07\/wr_21.02.2005.jpg\" target=\"_blank\">Westf\u00e4lische Rundschau 21.02.2005<\/a><\/p>\n<p>&#8211; <a style=\"color: #0070e0;\" href=\"http:\/\/muenzfreunde.de\/wordpress\/wp-content\/uploads\/2013\/07\/wp_22.02.2005.jpg\" target=\"_blank\">Westfalenpost 22.02.2005<\/a><\/p>\n<p>&#8211; <a style=\"color: #0070e0;\" href=\"http:\/\/muenzfreunde.de\/wordpress\/wp-content\/uploads\/2013\/07\/saku_27.02.2005.jpg\" target=\"_blank\">Sauerlandkurier 27.02.2005<\/a><\/p>\n<p>&#8211; <a style=\"color: #0070e0;\" href=\"http:\/\/muenzfreunde.de\/wordpress\/wp-content\/uploads\/2013\/07\/wr_28.12.2005.jpg\" target=\"_blank\">Westf\u00e4lische Rundschau 28.12.2005<\/a><\/p>\n","protected":false},"excerpt":{"rendered":"<p>&#8211; Sauerlandkurier 16.02.2005 &#8211; Westf\u00e4lische Rundschau 16.02.2005 &#8211; Westfalenpost 18.02.2005 &#8211; Westf\u00e4lische Rundschau 18.02.2005 &#8211; Sauerlandkurier 20.02.2005 &#8211; Westf\u00e4lische Rundschau 21.02.2005 &#8211; Westfalenpost 22.02.2005 &#8211; Sauerlandkurier 27.02.2005 &#8211; Westf\u00e4lische Rundschau 28.12.2005<\/p>\n","protected":false},"author":1,"featured_media":0,"parent":749,"menu_order":12,"comment_status":"closed","ping_status":"closed","template":"","meta":{"h5ap_radio_sources":[],"footnotes":""},"class_list":["post-962","page","type-page","status-publish","hentry"],"_links":{"self":[{"href":"https:\/\/muenzfreunde.de\/wordpress\/index.php?rest_route=\/wp\/v2\/pages\/962","targetHints":{"allow":["GET"]}}],"collection":[{"href":"https:\/\/muenzfreunde.de\/wordpress\/index.php?rest_route=\/wp\/v2\/pages"}],"about":[{"href":"https:\/\/muenzfreunde.de\/wordpress\/index.php?rest_route=\/wp\/v2\/types\/page"}],"author":[{"embeddable":true,"href":"https:\/\/muenzfreunde.de\/wordpress\/index.php?rest_route=\/wp\/v2\/users\/1"}],"replies":[{"embeddable":true,"href":"https:\/\/muenzfreunde.de\/wordpress\/index.php?rest_route=%2Fwp%2Fv2%2Fcomments&post=962"}],"version-history":[{"count":5,"href":"https:\/\/muenzfreunde.de\/wordpress\/index.php?rest_route=\/wp\/v2\/pages\/962\/revisions"}],"predecessor-version":[{"id":1268,"href":"https:\/\/muenzfreunde.de\/wordpress\/index.php?rest_route=\/wp\/v2\/pages\/962\/revisions\/1268"}],"up":[{"embeddable":true,"href":"https:\/\/muenzfreunde.de\/wordpress\/index.php?rest_route=\/wp\/v2\/pages\/749"}],"wp:attachment":[{"href":"https:\/\/muenzfreunde.de\/wordpress\/index.php?rest_route=%2Fwp%2Fv2%2Fmedia&parent=962"}],"curies":[{"name":"wp","href":"https:\/\/api.w.org\/{rel}","templated":true}]}}